{"id":81,"date":"2024-02-01T22:06:13","date_gmt":"2024-02-01T22:06:13","guid":{"rendered":"https:\/\/acareg2024.aveiro.escutismo.pt\/?page_id=81"},"modified":"2024-03-07T22:01:15","modified_gmt":"2024-03-07T22:01:15","slug":"organograma","status":"publish","type":"page","link":"https:\/\/acareg2024.aveiro.escutismo.pt\/index.php\/organograma\/","title":{"rendered":"Organograma"},"content":{"rendered":"\n\n\n\n\n\n\n\n\n\n\n\n\n\n\n\n<h2>PEDAG\u00d3GICA E ATIVIDADES<\/h2>\n\n\n\n\n<h4><em><span style=\"font-variant-numeric: normal; font-variant-east-asian: normal; font-variant-alternates: normal; font-variant-position: normal; white-space-collapse: preserve; font-size: 11pt; font-family: Arial, sans-serif; color: rgb(34, 34, 34); background-color: transparent; vertical-align: baseline;\"> <\/span><\/em><\/h4>\n\n<h4><font color=\"#222222\" face=\"Arial, sans-serif\"><span style=\"font-size: 14.6667px; white-space-collapse: preserve;\"><i>&#8220;N\u00e3o te esque\u00e7as de Viver!&#8221;<\/i><\/span><\/font><br><\/h4>\n<h4><font color=\"#222222\" face=\"Arial, sans-serif\"><span style=\"font-size: 14.6667px; white-space-collapse: preserve;\"><i>&#8220;Tenho em mim todos os sonhos do mundo&#8221;<\/i><\/span><\/font><br><\/h4>\n\n\n<p><strong>\u00c1LVARO ANT\u00d3NIO JESUS CASTANHEIRAS<\/strong><\/p>\n<p><b><\/b><span style=\"background-color: transparent;\">221 &#8211; ANADIA<\/span><\/p><p><span style=\"background-color: transparent;\"><\/span><span style=\"background-color: transparent;\">57 anos, Reformado<\/span><\/p>\n<p><strong><span style=\"background-color: transparent;\"><\/span><\/strong><strong>PERCURSO ESCUTISTA<\/strong><\/p><p><span style=\"background-color: transparent;\">&#8211;&nbsp;<\/span><span style=\"background-color: transparent;\">Entrada no Escutismo em 1974, com a Promessa de lobito em 1975.<\/span><\/p><p>Promessa de dirigente em 1992.<\/p>\n<p><u>Cargos e fun\u00e7\u00f5es exercidas no CNE<\/u><\/p><p>A n\u00edvel do agrupamento 221 de Anadia \u2013 Regi\u00e3o de Aveiro:<\/p><p>Chefe Instrutor na I, II, III e IV sec\u00e7\u00e3o<\/p><p>Chefe de unidade da I e II sec\u00e7\u00e3o<\/p><p>Tesoureiro de Agrupamento de 2005 a 2016<\/p><p>Chefe de Agrupamento Adjunto desde 2016<\/p><p>Chefe de Agrupamento desde 2022<\/p><p>A n\u00edvel regional:<\/p><p>Integrou a equipa regional da II sec\u00e7\u00e3o<\/p><p>Secret\u00e1rio Regional Pedag\u00f3gico desde Julho de 2016<\/p><p><br><\/p>\n\n\n<p><span style=\"background-color: transparent;\"><strong>&#8211; O que mais gosto de fazer nos escuteiros?<\/strong>&nbsp;<\/span><span style=\"background-color: transparent;\">Estar em atividades com os nossos &#8220;Mi\u00fados&#8221;!<\/span><strong><br><\/strong><\/p><p><strong>&#8211; Momento que me tenha marcado enquanto escuteiro:<\/strong>&nbsp;Todos os momentos s\u00e3o marcantes, mas o sil\u00eancio e a paz que se sente no alto da montanha, rodeado da natureza, acompanhado pelos escuteiros que nos s\u00e3o confiados, s\u00e3o \u00fanicos, inesquec\u00edveis.<\/p><p><strong><br><\/strong><\/p><p><strong>ACAREG 2024<\/strong><\/p><p>Vou coordenar as atividades pedag\u00f3gicas.<\/p><p><strong><br><\/strong><\/p><p><strong>Como quero que este ACAREG seja vivido? <\/strong>Com alegria, partilha e que no final cada um regresse a casa mais completo, sentindo que contribuiu para a constru\u00e7\u00e3o de um mundo melhor, que foi feliz fazendo os outros mais felizes.<\/p>\n<h2>EQUIPA<\/h2>\n\n\n\n\n<h2>ALIMENTA\u00c7\u00c3O E TRANSPORTES<\/h2>\n\n\n\n\n<h4><em><span style=\"font-variant-numeric: normal; font-variant-east-asian: normal; font-variant-alternates: normal; font-variant-position: normal; white-space-collapse: preserve; font-size: 11pt; font-family: Arial, sans-serif; color: rgb(34, 34, 34); background-color: transparent; vertical-align: baseline;\"> <\/span><\/em><\/h4>\n\n<h4><em><span style=\"font-variant-numeric: normal; font-variant-east-asian: normal; font-variant-alternates: normal; font-variant-position: normal; white-space-collapse: preserve; font-size: 11pt; font-family: Arial, sans-serif; color: rgb(34, 34, 34); background-color: transparent; vertical-align: baseline;\"><\/span><span style=\"font-variant-numeric: normal; font-variant-east-asian: normal; font-variant-alternates: normal; font-variant-position: normal; white-space-collapse: preserve; font-size: 11pt; font-family: Arial, sans-serif; color: rgb(34, 34, 34); background-color: transparent; vertical-align: baseline;\">&#8220;S\u00f3 se v\u00ea bem com o cora\u00e7\u00e3o, <\/span><\/em><em style=\"background-color: transparent;\"><span style=\"font-variant-numeric: normal; font-variant-east-asian: normal; font-variant-alternates: normal; font-variant-position: normal; white-space-collapse: preserve; font-size: 11pt; font-family: Arial, sans-serif; color: rgb(34, 34, 34); background-color: transparent; vertical-align: baseline;\">o essencial \u00e9 invis\u00edvel aos olhos&#8221;&nbsp;<\/span><\/em><\/h4>\n\n\n<p><strong>MARIA DE LURDES NUNES<\/strong><\/p><p>1143 &#8211; S. SIM\u00c3O DE OI\u00c3<\/p><p><span style=\"background-color: transparent;\"><\/span><span style=\"background-color: transparent;\">56 anos, Assistente T\u00e9cnica<\/span><\/p>\n<p><b><span style=\"background-color: transparent;\"><\/span><\/b><strong>PERCURSO ESCUTISTA<\/strong><\/p><p><span style=\"background-color: transparent;\">&#8211; F\u00f3rum de valores em 1999;<\/span><br><\/p><p>&#8211; CIP 2000;<\/p><p>&#8211; Promessa 29\/06\/2001;<\/p><p>&#8211; 1\u00aa Sec\u00e7\u00e3o de 1999 at\u00e9 janeiro de 2013;&nbsp;<\/p><p>&#8211; 2\u00aa Sec\u00e7\u00e3o de 2013 a 2019;<\/p><p>&#8211; 3\u00aa Sec\u00e7\u00e3o de 2019 a 2023; no momento de volta \u00e0 2\u00aa Sec\u00e7\u00e3o.&nbsp;<\/p><p><span style=\"background-color: transparent;\">Durante este percurso desempenhei v\u00e1rias tarefas: instrutora, chefe de unidade adjunta, chefe de unidade, chefe de Agrupamento adjunta, n\u00e3o por esta ordem, mas servindo tentando fazer o meu melhor.&nbsp;<\/span><br><\/p>\n\n\n<p><span style=\"background-color: transparent;\"><strong>&#8211; O que mais gosto de fazer nos escuteiros?<\/strong> &#8211; Viver as atividades na natureza e momentos de partilha<\/span><strong><br><\/strong><\/p><p><strong>&#8211; Momento que me tenha marcado enquanto escuteiro: <\/strong>Um momento de partilha em expedi\u00e7\u00e3o, nas dunas antes de pernoita ao relento.<\/p><p><strong><br><\/strong><\/p><p><strong>ACAREG 2024<\/strong><\/p><p>Vou coordenar a equipa da alimenta\u00e7\u00e3o e transporte tentando contribuir para uma alimenta\u00e7\u00e3o variada, equilibrada, rica em sabores e cores. Rentabilizar recursos para um transporte eficaz com a menor pegada de carbono poss\u00edvel.<\/p><p><strong><br><\/strong><\/p><p><strong>Como quero que este ACAREG seja vivido? <\/strong>Com esp\u00edrito de alegria na miss\u00e3o ?<\/p>\n<h2>EQUIPA<\/h2>\n\n\n\n\n<h2>LOG\u00cdSTICA E INFRAESTRUTURAS<\/h2>\n\n\n\n\n<h4><em><span style=\"font-variant-numeric: normal; font-variant-east-asian: normal; font-variant-alternates: normal; font-variant-position: normal; white-space-collapse: preserve; font-size: 11pt; font-family: Arial, sans-serif; color: rgb(34, 34, 34); background-color: transparent; vertical-align: baseline;\"> <\/span><\/em><\/h4>\n\n<h4><font color=\"#222222\" face=\"Arial, sans-serif\"><span style=\"font-size: 14.6667px; white-space-collapse: preserve;\"><i>\u201cDeixa sempre o que quer que seja um pouco melhor do que o encontraste\u201d<\/i><\/span><\/font><br><\/h4>\n\n\n<p><strong>LU\u00cdS ROCHA<\/strong><\/p><p>221 &#8211; ANADIA<\/p><p><span style=\"background-color: transparent;\"><\/span><span style=\"background-color: transparent;\">52 anos,&nbsp;<\/span><span style=\"background-color: transparent;\">Engenheiro Eletrot\u00e9cnico<\/span><\/p>\n<p><strong><span style=\"background-color: transparent;\"><\/span><\/strong><strong>PERCURSO ESCUTISTA<\/strong><\/p><p>&#8211; Admiss\u00e3o: 1977, no Agrupamento 221 &#8211; Anadia<\/p><p>&#8211; Sec\u00e7\u00f5es: Lobito, Explorador J\u00fanior, Explorador S\u00e9nior, Caminheiro<\/p><p>&#8211; Cargos exercidos:<\/p><p>Hist\u00f3rico: Dirigente (desde 1995); Chefe de Comunidade; Chefe de Cl\u00e3; Secret\u00e1rio de Agrupamento; Chefe de Agrupamento Adjunto; Chefe de Agrupamento<\/p><p>Atualmente: Secret\u00e1rio de Agrupamento e Chefe de Cl\u00e3 adjunto<\/p><p>&#8211; Forma\u00e7\u00e3o: (antigos) CIP; CAP III\u00aa; CAP IV\u00aa; CAL<span style=\"background-color: transparent;\">&nbsp;<\/span><\/p>\n<p><span style=\"background-color: transparent;\"><strong>&#8211; Momento que me tenha marcado enquanto escuteiro:&nbsp;<\/strong><\/span><span style=\"background-color: transparent;\">Com a idade e o passar do tempo, confesso que me marcam cada vez mais os reencontros com antigos escuteiros de quem fui chefe nos pioneiros ou caminheiros, alguns j\u00e1 com os filhos ao colo ou pela m\u00e3o, que me abra\u00e7am e recordam aventuras&nbsp;<em>\u201cOlha, este foi o meu chefe\u2026 \u00f3 chefe, \u00f3 chefe\u2026 lembras-te daquela vez em que\u2026?\u201d<\/em>. Algo l\u00e1 ficou. Fico feliz por isso.<\/span><br><\/p>\n\n\n<p><strong style=\"background-color: transparent;\">ACAREG 2024<\/strong><br><\/p><p>Fazendo parte da equipa das Infraestruturas\/Log\u00edstica, assegurar as melhores condi\u00e7\u00f5es poss\u00edveis de conforto, de higiene, de seguran\u00e7a e de bem-estar a todos os que estiverem em campo, para que no essencial apenas sejam lembrados a mensagem, a fraternidade e o esp\u00edrito do escutismo.<\/p><p><strong><br><\/strong><\/p><p><strong>Como quero que este ACAREG seja vivido?<\/strong>&nbsp;Desejo que seja vivido no esp\u00edrito do seu Lema: V\u00ea! Descobre! Arrisca! Encontra-te! Como um exemplo maior e distintivo do que \u00e9 a vida em comunidade. Uma comunidade de pessoas de bem, alegres e bem-dispostas, \u00e1vidas de aprender e vivenciar, tolerantes e compreensivas, convictas e corajosas, esfor\u00e7adas e solid\u00e1rias.<\/p>\n<h2>EQUIPA<\/h2>\n\n\n\n\n<h2>ADMINISTRATIVA E FINANCEIRA<\/h2>\n\n\n\n\n<h4><em><span style=\"font-variant-numeric: normal; font-variant-east-asian: normal; font-variant-alternates: normal; font-variant-position: normal; white-space-collapse: preserve; font-size: 11pt; font-family: Arial, sans-serif; color: rgb(34, 34, 34); background-color: transparent; vertical-align: baseline;\"> <\/span><\/em><\/h4>\n\n<h4><font color=\"#222222\" face=\"Arial, sans-serif\"><span style=\"font-size: 14.6667px; white-space-collapse: preserve;\"><i>\u201cO caminho para se conseguir a felicidade \u00e9 fazer as outras pessoas felizes\u201d<\/i><\/span><\/font><br><\/h4>\n\n\n<p><strong>MARIA DE F\u00c1TIMA DA ROCHA MARQUES<\/strong><\/p><p><span style=\"background-color: transparent;\">1157 Aradas<\/span><br><\/p><p>51 anos,&nbsp;<span style=\"background-color: transparent;\">Contabilista Certificada<\/span><\/p>\n<p><strong><span style=\"background-color: transparent;\"><\/span><\/strong><strong>PERCURSO ESCUTISTA<\/strong><\/p><p><span style=\"background-color: transparent;\">Entrada no escutismo em 1997<\/span><br><\/p><p>Promessa dirigente em 1999<\/p><p><em><u><br><\/u><\/em><\/p><p><em><u>CARGOS E FUN\u00c7\u00d5ES EXERCIDAS NO CNE<\/u><\/em><\/p><p>Agrupamento:<\/p><p>-Chefe instrutora da II sec\u00e7\u00e3o<\/p><p>-Chefe adjunta de agrupamento<\/p><p>-Chefe de Agrupamento<\/p><p>-Chefe de Cl\u00e3<\/p><p><br><\/p><p>Regi\u00e3o:<\/p><p>-Secret\u00e1ria Regional Administrativa e Financeira<\/p><p>-Secret\u00e1ria Regional Pedag\u00f3gica \u00c1rea Norte<\/p><p>-Chefe de Departamento Regional da IV sec\u00e7\u00e3o<\/p><p>-Membro do Departamento Regional da IV sec\u00e7\u00e3o<\/p><p>-Presidente da Mesa do Conselho Regional<\/p>\n\n\n<p><strong>O mais gosto de fazer nos escuteiros?<\/strong><\/p><p>-Estar em atividade com os caminheiros<\/p>\n<p><strong>Momento que mais me tenha marcado enquanto escuteiro:<\/strong><\/p><p>-A minha promessa de dirigente<\/p><p><strong><br><\/strong><\/p><p><strong>ACAREG 2024<\/strong><\/p><p>Vou coordenar a \u00e1rea administrativa e financeira<\/p>\n<p><span style=\"background-color: transparent;\"><strong>Como quero que este ACAREG seja vivido?<\/strong>&nbsp;<\/span><span style=\"background-color: transparent;\">Com alegria, esp\u00edrito de camaradagem e de partilha construtivas e sempre com o foco no<\/span><br><\/p><p>essencial, que s\u00e3o os escuteiros da nossa regi\u00e3o.<\/p>\n<h2>EQUIPA<\/h2>\n\n\n\n\n<h2>BEM ESTAR<\/h2>\n\n\n\n\n<h4><em><span style=\"font-variant-numeric: normal; font-variant-east-asian: normal; font-variant-alternates: normal; font-variant-position: normal; white-space-collapse: preserve; font-size: 11pt; font-family: Arial, sans-serif; color: rgb(34, 34, 34); background-color: transparent; vertical-align: baseline;\"> <\/span><\/em><\/h4>\n\n<h4><font color=\"#222222\" face=\"Arial, sans-serif\"><span style=\"font-size: 14.6667px; white-space-collapse: preserve;\"><i>\u201cNada te perturbe, nada te espante, tudo passa, Deus n\u00e3o muda, a paci\u00eancia tudo alcan\u00e7a, quem a Deus tem, nada lhe falta. S\u00f3 Deus basta.\u201d<\/i><\/span><\/font><br><\/h4>\n\n\n<p><strong>TERESA RAVARA<\/strong><\/p><p>283 &#8211; VERA-CRUZ<\/p><p><span style=\"background-color: transparent;\"><\/span><span style=\"background-color: transparent;\">56 anos, professora<\/span><\/p>\n<p><strong><span style=\"background-color: transparent;\"><\/span><\/strong><strong>PERCURSO ESCUTISTA<\/strong><\/p><p><span style=\"background-color: transparent;\">&#8211;&nbsp;<\/span><span style=\"background-color: transparent;\">1982\u20131985 Pioneira no Agrupamento 191- Aveiro<\/span><\/p><p>2011 \u2013 Candidata a Dirigente no Agrupamento 283 &#8211; Vera-Cruz<\/p><p>Promessa de dirigente a 20\/10\/2013<\/p><p>2019 \u2013 Integra a Equipa da Junta Regional de Aveiro&nbsp;<\/p><p>Atualmente \u2013 Instrutora da III\u00aa Sec\u00e7\u00e3o e Secret\u00e1ria Regional para o Ambiente e Prote\u00e7\u00e3o Civil<\/p><div><br><\/div>\n\n\n<p><span style=\"background-color: transparent;\">&#8211;<strong> O que mais gosto de fazer nos escuteiros<\/strong>?&nbsp;<\/span><span style=\"background-color: transparent;\">Estar com os meus escuteiros e v\u00ea-los crescer!<\/span><\/p><p>&#8211; <strong>Momento que me tenha marcado enquanto escuteiro<\/strong>:&nbsp;<span style=\"background-color: transparent;\">Participa\u00e7\u00e3o no VII Jamboree A\u00e7oriano \u2013 1984, Ilha Terceira, com 17 anos.<\/span><\/p><p><br><\/p><p><strong>ACAREG 2024<\/strong><\/p><p>Vou coordenar&nbsp;a equipa do Bem Estar.<\/p><p><strong><br><\/strong><\/p><p><strong>Como quero que este ACAREG seja vivido?&nbsp;<\/strong><span style=\"background-color: transparent;\">Em Seguran\u00e7a e com muita Alegria!<\/span><\/p><p><span style=\"background-color: transparent;\"><br><\/span><\/p>\n<h2>EQUIPA<\/h2>\n\n\n","protected":false},"excerpt":{"rendered":"","protected":false},"author":1,"featured_media":0,"parent":0,"menu_order":0,"comment_status":"closed","ping_status":"closed","template":"","meta":{"footnotes":""},"_links":{"self":[{"href":"https:\/\/acareg2024.aveiro.escutismo.pt\/index.php\/wp-json\/wp\/v2\/pages\/81"}],"collection":[{"href":"https:\/\/acareg2024.aveiro.escutismo.pt\/index.php\/wp-json\/wp\/v2\/pages"}],"about":[{"href":"https:\/\/acareg2024.aveiro.escutismo.pt\/index.php\/wp-json\/wp\/v2\/types\/page"}],"author":[{"embeddable":true,"href":"https:\/\/acareg2024.aveiro.escutismo.pt\/index.php\/wp-json\/wp\/v2\/users\/1"}],"replies":[{"embeddable":true,"href":"https:\/\/acareg2024.aveiro.escutismo.pt\/index.php\/wp-json\/wp\/v2\/comments?post=81"}],"version-history":[{"count":55,"href":"https:\/\/acareg2024.aveiro.escutismo.pt\/index.php\/wp-json\/wp\/v2\/pages\/81\/revisions"}],"predecessor-version":[{"id":413,"href":"https:\/\/acareg2024.aveiro.escutismo.pt\/index.php\/wp-json\/wp\/v2\/pages\/81\/revisions\/413"}],"wp:attachment":[{"href":"https:\/\/acareg2024.aveiro.escutismo.pt\/index.php\/wp-json\/wp\/v2\/media?parent=81"}],"curies":[{"name":"wp","href":"https:\/\/api.w.org\/{rel}","templated":true}]}}