{"id":685,"date":"2024-08-05T14:47:06","date_gmt":"2024-08-05T14:47:06","guid":{"rendered":"https:\/\/acareg2024.aveiro.escutismo.pt\/?page_id=685"},"modified":"2024-08-05T14:48:06","modified_gmt":"2024-08-05T14:48:06","slug":"diario-do-acareg","status":"publish","type":"page","link":"https:\/\/acareg2024.aveiro.escutismo.pt\/index.php\/diario-do-acareg\/","title":{"rendered":"Di\u00e1rio do ACAREG"},"content":{"rendered":"<div class=\"wp-block-image\">\n<figure class=\"aligncenter size-large is-resized\"><img fetchpriority=\"high\" decoding=\"async\" width=\"1024\" height=\"676\" src=\"https:\/\/acareg2024.aveiro.escutismo.pt\/wp-content\/uploads\/2024\/08\/terranova_logo-1024x676.png\" alt=\"\" class=\"wp-image-687\" style=\"width:302px;height:auto\" srcset=\"https:\/\/acareg2024.aveiro.escutismo.pt\/wp-content\/uploads\/2024\/08\/terranova_logo-1024x676.png 1024w, https:\/\/acareg2024.aveiro.escutismo.pt\/wp-content\/uploads\/2024\/08\/terranova_logo-300x198.png 300w, https:\/\/acareg2024.aveiro.escutismo.pt\/wp-content\/uploads\/2024\/08\/terranova_logo-768x507.png 768w, https:\/\/acareg2024.aveiro.escutismo.pt\/wp-content\/uploads\/2024\/08\/terranova_logo.png 1151w\" sizes=\"(max-width: 1024px) 100vw, 1024px\" \/><\/figure><\/div>\n\n\n<p>A R\u00e1dio Terra Nova emitiu diariamente, de 29\/07 a 01\/08, o &#8220;Di\u00e1rio do ACAREG&#8221; com entrevistas em direto de campo.<\/p>\n\n\n\n<p><a href=\"https:\/\/drive.google.com\/file\/d\/1Yl-CYNuMlGudUGvVDYgzbpKH08UveOwc\/view?usp=sharing\">Emiss\u00e3o de 2024-07-29<\/a> &#8211; Organiza\u00e7\u00e3o e Imagin\u00e1rio<\/p>\n\n\n\n<p><a href=\"https:\/\/drive.google.com\/file\/d\/1VGr85b8hZCMTuRhEa__m3GipbV0PWWPU\/view?usp=sharing\">Emiss\u00e3o de 2024-07-30<\/a> &#8211; Pedag\u00f3gica: Primeira e Segunda sec\u00e7\u00f5es<\/p>\n\n\n\n<p><a href=\"https:\/\/drive.google.com\/file\/d\/1h3YjeVlT-i_UqwhI6vzuLFBN18M9kgbo\/view?usp=sharing\">Emiss\u00e3o de 2024-07-31<\/a> &#8211; Pedag\u00f3gica: Terceira e Quarta sec\u00e7\u00f5es<\/p>\n\n\n\n<p><a href=\"https:\/\/drive.google.com\/file\/d\/1tZwXm1VlTy_2-6Vrr4sseN4lQhEXv9JP\/view?usp=sharing\">Emiss\u00e3o de 2024-08-01<\/a> &#8211; Infraestruturas, Sa\u00fade e Bem-Estar<\/p>\n\n\n\n<p><\/p>\n","protected":false},"excerpt":{"rendered":"<p>A R\u00e1dio Terra Nova emitiu diariamente, de 29\/07 a 01\/08, o &#8220;Di\u00e1rio do ACAREG&#8221; com entrevistas em direto de campo. Emiss\u00e3o de 2024-07-29 &#8211; Organiza\u00e7\u00e3o e Imagin\u00e1rio Emiss\u00e3o de 2024-07-30 &#8211; Pedag\u00f3gica: Primeira e Segunda sec\u00e7\u00f5es Emiss\u00e3o de 2024-07-31 &#8211; Pedag\u00f3gica: Terceira e Quarta sec\u00e7\u00f5es Emiss\u00e3o de 2024-08-01 &#8211; Infraestruturas, Sa\u00fade e Bem-Estar<\/p>\n","protected":false},"author":1,"featured_media":0,"parent":0,"menu_order":0,"comment_status":"closed","ping_status":"closed","template":"","meta":{"footnotes":""},"_links":{"self":[{"href":"https:\/\/acareg2024.aveiro.escutismo.pt\/index.php\/wp-json\/wp\/v2\/pages\/685"}],"collection":[{"href":"https:\/\/acareg2024.aveiro.escutismo.pt\/index.php\/wp-json\/wp\/v2\/pages"}],"about":[{"href":"https:\/\/acareg2024.aveiro.escutismo.pt\/index.php\/wp-json\/wp\/v2\/types\/page"}],"author":[{"embeddable":true,"href":"https:\/\/acareg2024.aveiro.escutismo.pt\/index.php\/wp-json\/wp\/v2\/users\/1"}],"replies":[{"embeddable":true,"href":"https:\/\/acareg2024.aveiro.escutismo.pt\/index.php\/wp-json\/wp\/v2\/comments?post=685"}],"version-history":[{"count":2,"href":"https:\/\/acareg2024.aveiro.escutismo.pt\/index.php\/wp-json\/wp\/v2\/pages\/685\/revisions"}],"predecessor-version":[{"id":688,"href":"https:\/\/acareg2024.aveiro.escutismo.pt\/index.php\/wp-json\/wp\/v2\/pages\/685\/revisions\/688"}],"wp:attachment":[{"href":"https:\/\/acareg2024.aveiro.escutismo.pt\/index.php\/wp-json\/wp\/v2\/media?parent=685"}],"curies":[{"name":"wp","href":"https:\/\/api.w.org\/{rel}","templated":true}]}}