{"id":618,"date":"2024-07-05T00:42:51","date_gmt":"2024-07-05T00:42:51","guid":{"rendered":"https:\/\/acareg2024.aveiro.escutismo.pt\/?page_id=618"},"modified":"2024-07-05T00:59:19","modified_gmt":"2024-07-05T00:59:19","slug":"lobitos-2","status":"publish","type":"page","link":"https:\/\/acareg2024.aveiro.escutismo.pt\/index.php\/lobitos-2\/","title":{"rendered":"Lobitos"},"content":{"rendered":"\n\n\n\n\n\n<h2>MENSAGEM AOS HABITANTES DA TERRA DOS OBSERVADORES<\/h2>\n\n<p>Nos Reinos dos Observadores h\u00e1 terra e mar \u00e0 vista!&nbsp;<\/p><p><span style=\"background-color: transparent;\">Esperamos que todos se encontrem bem e desta forma felicitar-vos e agradecer-vos por embarcarem nesta viagem. Bem hajam!<\/span><br><\/p><p><span style=\"background-color: transparent;\">O trabalho desenvolvido nos \u00faltimos meses tem como objetivo proporcionar uma semana verdadeiramente feliz a todos os participantes e nem tudo poder\u00e1 correr exactamente como idealiz\u00e1mos mas para isso estaremos todos &#8216;Da melhor vontade&#8217; para tornar cada dia \u00fanico.<\/span><br><\/p><p><span style=\"background-color: transparent;\">O segredo t\u00e3o bem guardado, h\u00e1 centenas de anos, precisa de cada um de voc\u00eas para que os nossos lobitos possam viver estes dias repletos da alegria e energia que os caracteriza e a todos contagia.<\/span><br><\/p><p><span style=\"background-color: transparent;\">Imaginamos que j\u00e1 andem em grande tribula\u00e7\u00e3o a preparar e ultimar os desafios que fomos lan\u00e7ando e para vos ajudar deixamos aqui algumas notas e se sentirem a perder o Norte a b\u00fassola aponta para os contatos j\u00e1 partilhados.<\/span><br><\/p><p><span style=\"background-color: transparent;\">At\u00e9 j\u00e1!<\/span><br><\/p>\n<p style=\"text-align: center;\"><a href=\"https:\/\/drive.google.com\/file\/d\/10Z0RwAvvpdFhkTsZZcfnRXFVI78maBr2\/view?usp=sharing\">&#8211; Clica aqui para acederes ao ficheiro completo &#8211;<\/a><br><\/p>\n\n<h2>DESAFIOS PR\u00c9-ACAREG<\/h2>\n\n<p><strong>Desafio #01 &#8211; <a href=\"https:\/\/drive.google.com\/file\/d\/1nJ3-QJA-nWs9FsWxnq8-1D-GwfoKd3W3\/view?usp=sharing\">fevereiro<\/a><\/strong><\/p>\n<p>Numa viagem imagin\u00e1ria que atravessa mares e continentes, os lobitos seguem as pistas de S. Francisco. Com conhecimento, conquista e coragem, v\u00e3o percorrer caminhos que os levar\u00e3o a abrir uma Arca que guarda um segredo, um segredo especial e \u00fanico, igual para cada um dos Lobitos da Terra dos Observadores. Ali encontrar\u00e3o, na Rainha da Felicidade, uma amiga que os ajudar\u00e1 a ultrapassar obst\u00e1culos.<\/p><p>Vem, V\u00ea\u2026 e ruma \u00e0 descoberta!<\/p>\n\n<p><strong>Desafio #02 &#8211; <a href=\"https:\/\/drive.google.com\/file\/d\/1yPRvHvw3sKhlUIMDAA1BQ4CEdsnoZ8h9\/view?usp=sharing\">mar\u00e7o<\/a><\/strong><\/p>\n<p>Observadores, est\u00e3o prontos para navegar? Quando navegamos escrevemos todas as aventuras, momentos importantes e dire\u00e7\u00f5es que escolhemos. E onde \u00e9 que escrevemos isso? Num di\u00e1rio de bordo! Ele vai andar sempre contigo quando atravessares os mares e os cinco continentes\u2026 e \u00e9 nele que vais registar tudo o que viste e viveste para mais tarde recordar, pois esta ser\u00e1 uma viagem inesquec\u00edvel!&#8230;<br><\/p>\n\n<p><strong>Desafio #03 &#8211; <a href=\"https:\/\/drive.google.com\/file\/d\/1W69LoxCqvCNdHNESwDvyrAJe4At9quET\/view?usp=sharing\">maio<\/a><\/strong><\/p>\n<p>Navegamos em dire\u00e7\u00e3o \u00e0 grande atividade e a hist\u00f3ria come\u00e7a a ser escrita e os Observadores avistam dias de grande felicidade. A Rainha da Felicidade e S. Francisco de Assis est\u00e3o ansiosos por vos conhecer e saber o \u00e9 que voc\u00eas esperam ver e viver nesta viagem.<br><\/p>\n\n<p><strong>Desafio #04 &#8211; <a href=\"https:\/\/drive.google.com\/file\/d\/1w7jpmOXaZUH6i_uUt9dVG5JX7Cr__ZLT\/view?usp=sharing\">junho<\/a><\/strong><\/p>\n<p>Estamos a poucas milhas do ACAREG onde ser\u00e3o muitos os lobitos que v\u00e3o participar. Na Terra dos Observadores v\u00e3o fazer parte de Reinos: conhecimento, coragem e conquista.<\/p><p>Os ventos e as mar\u00e9s correm a favor e agora \u00e9 tempo de preparar o bras\u00e3o\/estandarte que vos vai identificar na Villa a que v\u00e3o pertencer e tamb\u00e9m a grande Flor Vermelha que ser\u00e1, com toda a certeza, cheia de cor e muita alegria.<\/p><p>Rumo \u00e0 descoberta\u2026 vamos navegar juntos.<\/p>\n\n\n","protected":false},"excerpt":{"rendered":"","protected":false},"author":1,"featured_media":0,"parent":0,"menu_order":0,"comment_status":"closed","ping_status":"closed","template":"","meta":{"footnotes":""},"_links":{"self":[{"href":"https:\/\/acareg2024.aveiro.escutismo.pt\/index.php\/wp-json\/wp\/v2\/pages\/618"}],"collection":[{"href":"https:\/\/acareg2024.aveiro.escutismo.pt\/index.php\/wp-json\/wp\/v2\/pages"}],"about":[{"href":"https:\/\/acareg2024.aveiro.escutismo.pt\/index.php\/wp-json\/wp\/v2\/types\/page"}],"author":[{"embeddable":true,"href":"https:\/\/acareg2024.aveiro.escutismo.pt\/index.php\/wp-json\/wp\/v2\/users\/1"}],"replies":[{"embeddable":true,"href":"https:\/\/acareg2024.aveiro.escutismo.pt\/index.php\/wp-json\/wp\/v2\/comments?post=618"}],"version-history":[{"count":12,"href":"https:\/\/acareg2024.aveiro.escutismo.pt\/index.php\/wp-json\/wp\/v2\/pages\/618\/revisions"}],"predecessor-version":[{"id":630,"href":"https:\/\/acareg2024.aveiro.escutismo.pt\/index.php\/wp-json\/wp\/v2\/pages\/618\/revisions\/630"}],"wp:attachment":[{"href":"https:\/\/acareg2024.aveiro.escutismo.pt\/index.php\/wp-json\/wp\/v2\/media?parent=618"}],"curies":[{"name":"wp","href":"https:\/\/api.w.org\/{rel}","templated":true}]}}