{"id":598,"date":"2024-07-04T23:44:47","date_gmt":"2024-07-04T23:44:47","guid":{"rendered":"https:\/\/acareg2024.aveiro.escutismo.pt\/?page_id=598"},"modified":"2024-07-13T08:48:28","modified_gmt":"2024-07-13T08:48:28","slug":"hino","status":"publish","type":"page","link":"https:\/\/acareg2024.aveiro.escutismo.pt\/index.php\/hino\/","title":{"rendered":"HINO"},"content":{"rendered":"\n\n\n\n\n\n\n\n\n\n\n\n\n\n<p class=\"MsoNormal\" align=\"center\" style=\"text-align:center\"><strong style=\"font-size: large;\">\u201cDescobre a felicidade\u201d<\/strong><\/p>\n\n\n\n<p class=\"MsoNormal\" align=\"center\" style=\"text-align:center\"><b><o:p><\/o:p><\/b><\/p><p class=\"MsoNormal\" style=\"margin-bottom:0cm;line-height:normal\"><span style=\"font-size:10.0pt\">Em terras distantes, h\u00e1 hist\u00f3rias para contar<o:p><\/o:p><\/span><\/p><p class=\"MsoNormal\" style=\"margin-bottom:0cm;line-height:normal\"><span style=\"font-size:10.0pt\">Com mapas e estrelas, e o mundo todo por desvendar.<o:p><\/o:p><\/span><\/p><p class=\"MsoNormal\" style=\"margin-bottom:0cm;line-height:normal\"><span style=\"font-size:10.0pt\">Entre tribos e culturas, no Reino de Prestes Jo\u00e3o<o:p><\/o:p><\/span><\/p><p class=\"MsoNormal\" style=\"margin-bottom:0cm;line-height:normal\"><span style=\"font-size:10.0pt\">Somos Escutas irm\u00e3os, somos felizes partilhando o\ncora\u00e7\u00e3o.<o:p><\/o:p><\/span><\/p><p class=\"MsoNormal\"><span style=\"font-size:10.0pt;line-height:107%\">&nbsp;<\/span><\/p><p class=\"MsoNormal\" style=\"margin-bottom:0cm;line-height:normal\"><span style=\"font-size:10.0pt\">Dirigentes s\u00e1bios, guiam nosso cora\u00e7\u00e3o<o:p><\/o:p><\/span><\/p><p class=\"MsoNormal\" style=\"margin-bottom:0cm;line-height:normal\"><span style=\"font-size:10.0pt\">Lideram com coragem:- V\u00ea e Arrisca, segue nesta\ndire\u00e7\u00e3o!<o:p><\/o:p><\/span><\/p><p class=\"MsoNormal\" style=\"margin-bottom:0cm;line-height:normal\"><span style=\"font-size:10.0pt\">Escuta os ventos, h\u00e1 uma voz a chamar<o:p><\/o:p><\/span><\/p><p class=\"MsoNormal\" style=\"margin-bottom:0cm;line-height:normal\"><span style=\"font-size:10.0pt\">Encontra-te no tempo, n\u00e3o te deixes ir nas ondas do\nmar.<o:p><\/o:p><\/span><\/p><p class=\"MsoNormal\"><span style=\"font-size:10.0pt;line-height:107%\">&nbsp;<\/span><\/p><p class=\"MsoNormal\" style=\"margin-bottom:0cm;line-height:normal\"><b><i><span style=\"font-size:10.0pt\">Tens a Arca na m\u00e3o, e h\u00e1 um segredo por desvendar<o:p><\/o:p><\/span><\/i><\/b><\/p><p class=\"MsoNormal\" style=\"margin-bottom:0cm;line-height:normal\"><b><i><span style=\"font-size:10.0pt\">Descobrimos que a nossa felicidade \u00e9 partilhar!<o:p><\/o:p><\/span><\/i><\/b><\/p><p class=\"MsoNormal\" style=\"margin-bottom:0cm;line-height:normal\"><b><i><span style=\"font-size:10.0pt\">De Lobitos a caminheiros, entoamos&nbsp; mesma can\u00e7\u00e3o.<o:p><\/o:p><\/span><\/i><\/b><\/p><p class=\"MsoNormal\" style=\"margin-bottom:0cm;line-height:normal\"><b><i><span style=\"font-size:10.0pt\">Somos todos irm\u00e3os, estamos unidos nesta miss\u00e3o!<o:p><\/o:p><\/span><\/i><\/b><\/p><p class=\"MsoNormal\" style=\"margin-bottom:0cm;line-height:normal\"><b><i><span style=\"font-size:10.0pt\">&nbsp;<\/span><\/i><\/b><\/p><p class=\"MsoNormal\" style=\"margin-bottom:0cm;line-height:normal\"><span style=\"font-size:10.0pt\">Os Lobitos s\u00e3o unidos, em busca de miss\u00f5es<o:p><\/o:p><\/span><\/p><p class=\"MsoNormal\" style=\"margin-bottom:0cm;line-height:normal\"><span style=\"font-size:10.0pt\">No seu reino aprendem, entre risos, trapalhadas e\ncan\u00e7\u00f5es.<o:p><\/o:p><\/span><\/p><p class=\"MsoNormal\" style=\"margin-bottom:0cm;line-height:normal\"><span style=\"font-size:10.0pt\">Exploradores, valentes, cora\u00e7\u00f5es a pulsar<o:p><\/o:p><\/span><\/p><p class=\"MsoNormal\" style=\"margin-bottom:0cm;line-height:normal\"><span style=\"font-size:10.0pt\">Desbravando caminhos, sem receios ou medos de errar.<o:p><\/o:p><\/span><\/p><p class=\"MsoNormal\" style=\"margin-bottom:0cm;line-height:normal\"><span style=\"font-size:10.0pt\">&nbsp;<\/span><\/p><p class=\"MsoNormal\" style=\"margin-bottom:0cm;line-height:normal\"><span style=\"font-size:10.0pt\">Pioneiros, audazes, fogo aceso na m\u00e3o<o:p><\/o:p><\/span><\/p><p class=\"MsoNormal\" style=\"margin-bottom:0cm;line-height:normal\"><span style=\"font-size:10.0pt\">Passos firmes na conquista, felicidade, ajuda, ao seu\nirm\u00e3o.<o:p><\/o:p><\/span><\/p><p class=\"MsoNormal\" style=\"margin-bottom:0cm;line-height:normal\"><span style=\"font-size:10.0pt\">Caminheiros, destemidos, no trilho a percorrer<o:p><\/o:p><\/span><\/p><p>\n<\/p><p class=\"MsoNormal\" style=\"margin-bottom:0cm;line-height:normal\"><span style=\"font-size:10.0pt\">Encontram no caminho, Sabedoria p\u2019ra viver e crescer.<\/span><\/p>\n\n\n<p><br><\/p>\n\n\n<span style=\"line-height: 1.5;\"><p>CR\u00c9DITOS:&nbsp;<\/p><p>M\u00fasica<\/p><p>&#8211; Ant\u00f3nio Manuel Melo Castanheira, dirigente<\/p><p>&#8211; Beatriz Sim\u00f5es Rolo, caminheira<\/p><p>Letra<\/p><p>&#8211; Maria Alexandra Matos Cruz Silva Pereira, dirigente<\/p><\/span><p><\/p>\n\n\n\n","protected":false},"excerpt":{"rendered":"","protected":false},"author":1,"featured_media":0,"parent":0,"menu_order":0,"comment_status":"closed","ping_status":"closed","template":"","meta":{"footnotes":""},"_links":{"self":[{"href":"https:\/\/acareg2024.aveiro.escutismo.pt\/index.php\/wp-json\/wp\/v2\/pages\/598"}],"collection":[{"href":"https:\/\/acareg2024.aveiro.escutismo.pt\/index.php\/wp-json\/wp\/v2\/pages"}],"about":[{"href":"https:\/\/acareg2024.aveiro.escutismo.pt\/index.php\/wp-json\/wp\/v2\/types\/page"}],"author":[{"embeddable":true,"href":"https:\/\/acareg2024.aveiro.escutismo.pt\/index.php\/wp-json\/wp\/v2\/users\/1"}],"replies":[{"embeddable":true,"href":"https:\/\/acareg2024.aveiro.escutismo.pt\/index.php\/wp-json\/wp\/v2\/comments?post=598"}],"version-history":[{"count":7,"href":"https:\/\/acareg2024.aveiro.escutismo.pt\/index.php\/wp-json\/wp\/v2\/pages\/598\/revisions"}],"predecessor-version":[{"id":650,"href":"https:\/\/acareg2024.aveiro.escutismo.pt\/index.php\/wp-json\/wp\/v2\/pages\/598\/revisions\/650"}],"wp:attachment":[{"href":"https:\/\/acareg2024.aveiro.escutismo.pt\/index.php\/wp-json\/wp\/v2\/media?parent=598"}],"curies":[{"name":"wp","href":"https:\/\/api.w.org\/{rel}","templated":true}]}}