{"id":294,"date":"2024-03-07T00:41:14","date_gmt":"2024-03-07T00:41:14","guid":{"rendered":"https:\/\/acareg2024.aveiro.escutismo.pt\/?page_id=294"},"modified":"2024-03-07T12:00:03","modified_gmt":"2024-03-07T12:00:03","slug":"logistica-e-infraestruturas","status":"publish","type":"page","link":"https:\/\/acareg2024.aveiro.escutismo.pt\/index.php\/logistica-e-infraestruturas\/","title":{"rendered":"LOG\u00cdSTICA E INFRAESTRUTURAS"},"content":{"rendered":"\t\t<div data-elementor-type=\"wp-page\" data-elementor-id=\"294\" class=\"elementor elementor-294\">\n\t\t\t\t\t\t\t<div class=\"elementor-element elementor-element-1f130a3 e-flex e-con-boxed e-con e-parent\" data-id=\"1f130a3\" data-element_type=\"container\" data-settings=\"{&quot;content_width&quot;:&quot;boxed&quot;}\" data-core-v316-plus=\"true\">\n\t\t\t\t\t<div class=\"e-con-inner\">\n\t\t\t\t<div class=\"elementor-element elementor-element-ae295f4 elementor-widget elementor-widget-heading\" data-id=\"ae295f4\" data-element_type=\"widget\" data-widget_type=\"heading.default\">\n\t\t\t\t<div class=\"elementor-widget-container\">\n\t\t\t<style>\/*! elementor - v3.18.0 - 08-12-2023 *\/\n.elementor-heading-title{padding:0;margin:0;line-height:1}.elementor-widget-heading .elementor-heading-title[class*=elementor-size-]>a{color:inherit;font-size:inherit;line-height:inherit}.elementor-widget-heading .elementor-heading-title.elementor-size-small{font-size:15px}.elementor-widget-heading .elementor-heading-title.elementor-size-medium{font-size:19px}.elementor-widget-heading .elementor-heading-title.elementor-size-large{font-size:29px}.elementor-widget-heading .elementor-heading-title.elementor-size-xl{font-size:39px}.elementor-widget-heading .elementor-heading-title.elementor-size-xxl{font-size:59px}<\/style><h2 class=\"elementor-heading-title elementor-size-default\"><h2 style=\"box-sizing: inherit; padding: 0px; margin: 0px; overflow-wrap: break-word; color: rgb(255, 255, 255); font-family: &quot;Segoe UI&quot;, Roboto, Oxygen-Sans, Ubuntu, Cantarell, &quot;Helvetica Neue&quot;, sans-serif; text-align: center; white-space-collapse: collapse; background-color: rgb(100, 34, 32);\">LOG\u00cdSTICA E INFRAESTRUTURAS<\/h2><\/h2>\t\t<\/div>\n\t\t\t\t<\/div>\n\t\t\t\t\t<\/div>\n\t\t\t\t<\/div>\n\t\t<div class=\"elementor-element elementor-element-46332fe e-flex e-con-boxed e-con e-parent\" data-id=\"46332fe\" data-element_type=\"container\" data-settings=\"{&quot;content_width&quot;:&quot;boxed&quot;}\" data-core-v316-plus=\"true\">\n\t\t\t\t\t<div class=\"e-con-inner\">\n\t\t<div class=\"elementor-element elementor-element-5dd9476 e-con-full e-flex e-con e-child\" data-id=\"5dd9476\" data-element_type=\"container\" data-settings=\"{&quot;content_width&quot;:&quot;full&quot;}\">\n\t\t\t\t<div class=\"elementor-element elementor-element-bdbb8c3 elementor-widget elementor-widget-image\" data-id=\"bdbb8c3\" data-element_type=\"widget\" data-widget_type=\"image.default\">\n\t\t\t\t<div class=\"elementor-widget-container\">\n\t\t\t<style>\/*! elementor - v3.18.0 - 08-12-2023 *\/\n.elementor-widget-image{text-align:center}.elementor-widget-image a{display:inline-block}.elementor-widget-image a img[src$=\".svg\"]{width:48px}.elementor-widget-image img{vertical-align:middle;display:inline-block}<\/style>\t\t\t\t\t\t\t\t\t\t\t\t<img fetchpriority=\"high\" decoding=\"async\" width=\"481\" height=\"556\" src=\"https:\/\/acareg2024.aveiro.escutismo.pt\/wp-content\/uploads\/2024\/03\/joao.jpg\" class=\"attachment-large size-large wp-image-247\" alt=\"\" srcset=\"https:\/\/acareg2024.aveiro.escutismo.pt\/wp-content\/uploads\/2024\/03\/joao.jpg 481w, https:\/\/acareg2024.aveiro.escutismo.pt\/wp-content\/uploads\/2024\/03\/joao-260x300.jpg 260w\" sizes=\"(max-width: 481px) 100vw, 481px\" \/>\t\t\t\t\t\t\t\t\t\t\t\t\t\t\t<\/div>\n\t\t\t\t<\/div>\n\t\t\t\t<\/div>\n\t\t<div class=\"elementor-element elementor-element-da56358 e-con-full e-flex e-con e-child\" data-id=\"da56358\" data-element_type=\"container\" data-settings=\"{&quot;content_width&quot;:&quot;full&quot;}\">\n\t\t\t\t<div class=\"elementor-element elementor-element-9c0d67b elementor-widget elementor-widget-image\" data-id=\"9c0d67b\" data-element_type=\"widget\" data-widget_type=\"image.default\">\n\t\t\t\t<div class=\"elementor-widget-container\">\n\t\t\t\t\t\t\t\t\t\t\t\t\t\t\t<img decoding=\"async\" width=\"481\" height=\"556\" src=\"https:\/\/acareg2024.aveiro.escutismo.pt\/wp-content\/uploads\/2024\/03\/miguel.jpg\" class=\"attachment-large size-large wp-image-248\" alt=\"\" srcset=\"https:\/\/acareg2024.aveiro.escutismo.pt\/wp-content\/uploads\/2024\/03\/miguel.jpg 481w, https:\/\/acareg2024.aveiro.escutismo.pt\/wp-content\/uploads\/2024\/03\/miguel-260x300.jpg 260w\" sizes=\"(max-width: 481px) 100vw, 481px\" \/>\t\t\t\t\t\t\t\t\t\t\t\t\t\t\t<\/div>\n\t\t\t\t<\/div>\n\t\t\t\t<\/div>\n\t\t<div class=\"elementor-element elementor-element-f0cbe2e e-con-full e-flex e-con e-child\" data-id=\"f0cbe2e\" data-element_type=\"container\" data-settings=\"{&quot;content_width&quot;:&quot;full&quot;}\">\n\t\t\t\t<div class=\"elementor-element elementor-element-4d55782 elementor-widget elementor-widget-image\" data-id=\"4d55782\" data-element_type=\"widget\" data-widget_type=\"image.default\">\n\t\t\t\t<div class=\"elementor-widget-container\">\n\t\t\t\t\t\t\t\t\t\t\t\t\t\t\t<img decoding=\"async\" width=\"482\" height=\"556\" src=\"https:\/\/acareg2024.aveiro.escutismo.pt\/wp-content\/uploads\/2024\/03\/luis-abrantes.jpg\" class=\"attachment-large size-large wp-image-249\" alt=\"\" srcset=\"https:\/\/acareg2024.aveiro.escutismo.pt\/wp-content\/uploads\/2024\/03\/luis-abrantes.jpg 482w, https:\/\/acareg2024.aveiro.escutismo.pt\/wp-content\/uploads\/2024\/03\/luis-abrantes-260x300.jpg 260w\" sizes=\"(max-width: 482px) 100vw, 482px\" \/>\t\t\t\t\t\t\t\t\t\t\t\t\t\t\t<\/div>\n\t\t\t\t<\/div>\n\t\t\t\t<\/div>\n\t\t<div class=\"elementor-element elementor-element-66533a9 e-con-full e-flex e-con e-child\" data-id=\"66533a9\" data-element_type=\"container\" data-settings=\"{&quot;content_width&quot;:&quot;full&quot;}\">\n\t\t\t\t<div class=\"elementor-element elementor-element-f6c388a elementor-widget elementor-widget-image\" data-id=\"f6c388a\" data-element_type=\"widget\" data-widget_type=\"image.default\">\n\t\t\t\t<div class=\"elementor-widget-container\">\n\t\t\t\t\t\t\t\t\t\t\t\t\t\t\t<img loading=\"lazy\" decoding=\"async\" width=\"482\" height=\"556\" src=\"https:\/\/acareg2024.aveiro.escutismo.pt\/wp-content\/uploads\/2024\/03\/toni.jpg\" class=\"attachment-large size-large wp-image-250\" alt=\"\" srcset=\"https:\/\/acareg2024.aveiro.escutismo.pt\/wp-content\/uploads\/2024\/03\/toni.jpg 482w, https:\/\/acareg2024.aveiro.escutismo.pt\/wp-content\/uploads\/2024\/03\/toni-260x300.jpg 260w\" sizes=\"(max-width: 482px) 100vw, 482px\" \/>\t\t\t\t\t\t\t\t\t\t\t\t\t\t\t<\/div>\n\t\t\t\t<\/div>\n\t\t\t\t<\/div>\n\t\t\t\t\t<\/div>\n\t\t\t\t<\/div>\n\t\t<div class=\"elementor-element elementor-element-6958049 e-flex e-con-boxed e-con e-parent\" data-id=\"6958049\" data-element_type=\"container\" data-settings=\"{&quot;content_width&quot;:&quot;boxed&quot;}\" data-core-v316-plus=\"true\">\n\t\t\t\t\t<div class=\"e-con-inner\">\n\t\t<div class=\"elementor-element elementor-element-8cbccf0 e-con-full e-flex e-con e-child\" data-id=\"8cbccf0\" data-element_type=\"container\" data-settings=\"{&quot;content_width&quot;:&quot;full&quot;}\">\n\t\t\t\t<div class=\"elementor-element elementor-element-f2c084c elementor-widget elementor-widget-text-editor\" data-id=\"f2c084c\" data-element_type=\"widget\" data-widget_type=\"text-editor.default\">\n\t\t\t\t<div class=\"elementor-widget-container\">\n\t\t\t<style>\/*! elementor - v3.18.0 - 08-12-2023 *\/\n.elementor-widget-text-editor.elementor-drop-cap-view-stacked .elementor-drop-cap{background-color:#69727d;color:#fff}.elementor-widget-text-editor.elementor-drop-cap-view-framed .elementor-drop-cap{color:#69727d;border:3px solid;background-color:transparent}.elementor-widget-text-editor:not(.elementor-drop-cap-view-default) .elementor-drop-cap{margin-top:8px}.elementor-widget-text-editor:not(.elementor-drop-cap-view-default) .elementor-drop-cap-letter{width:1em;height:1em}.elementor-widget-text-editor .elementor-drop-cap{float:left;text-align:center;line-height:1;font-size:50px}.elementor-widget-text-editor .elementor-drop-cap-letter{display:inline-block}<\/style>\t\t\t\t<p style=\"box-sizing: inherit; margin: 0px; padding: 0px; overflow-wrap: break-word; color: #404040; font-family: 'Segoe UI', Roboto, Oxygen-Sans, Ubuntu, Cantarell, 'Helvetica Neue', sans-serif; text-align: center;\"><span style=\"box-sizing: inherit; font-weight: bolder; padding: 0px; margin: 0px; overflow-wrap: break-word;\">Jo\u00e3o Silva<\/span><\/p>\n<p style=\"box-sizing: inherit; margin: 0px; padding: 0px; overflow-wrap: break-word; color: #404040; font-family: 'Segoe UI', Roboto, Oxygen-Sans, Ubuntu, Cantarell, 'Helvetica Neue', sans-serif; text-align: center;\">&#8211;<\/p>\t\t\t\t\t\t<\/div>\n\t\t\t\t<\/div>\n\t\t\t\t<\/div>\n\t\t<div class=\"elementor-element elementor-element-bbe8feb e-con-full e-flex e-con e-child\" data-id=\"bbe8feb\" data-element_type=\"container\" data-settings=\"{&quot;content_width&quot;:&quot;full&quot;}\">\n\t\t\t\t<div class=\"elementor-element elementor-element-9615e42 elementor-widget elementor-widget-text-editor\" data-id=\"9615e42\" data-element_type=\"widget\" data-widget_type=\"text-editor.default\">\n\t\t\t\t<div class=\"elementor-widget-container\">\n\t\t\t\t\t\t\t<p style=\"box-sizing: inherit; margin: 0px; padding: 0px; overflow-wrap: break-word; color: #404040; font-family: 'Segoe UI', Roboto, Oxygen-Sans, Ubuntu, Cantarell, 'Helvetica Neue', sans-serif; text-align: center;\"><span style=\"box-sizing: inherit; font-weight: bolder; padding: 0px; margin: 0px; overflow-wrap: break-word;\">Miguel Oliveira<\/span><\/p><p style=\"box-sizing: inherit; margin: 0px; padding: 0px; overflow-wrap: break-word; color: #404040; font-family: 'Segoe UI', Roboto, Oxygen-Sans, Ubuntu, Cantarell, 'Helvetica Neue', sans-serif; text-align: center;\">588 Gafanha da Nazar\u00e9<\/p>\t\t\t\t\t\t<\/div>\n\t\t\t\t<\/div>\n\t\t\t\t<\/div>\n\t\t<div class=\"elementor-element elementor-element-277a4a2 e-con-full e-flex e-con e-child\" data-id=\"277a4a2\" data-element_type=\"container\" data-settings=\"{&quot;content_width&quot;:&quot;full&quot;}\">\n\t\t\t\t<div class=\"elementor-element elementor-element-8f2aa37 elementor-widget elementor-widget-text-editor\" data-id=\"8f2aa37\" data-element_type=\"widget\" data-widget_type=\"text-editor.default\">\n\t\t\t\t<div class=\"elementor-widget-container\">\n\t\t\t\t\t\t\t<p style=\"box-sizing: inherit; margin: 0px; padding: 0px; overflow-wrap: break-word; color: #404040; font-family: 'Segoe UI', Roboto, Oxygen-Sans, Ubuntu, Cantarell, 'Helvetica Neue', sans-serif; text-align: center;\"><span style=\"box-sizing: inherit; font-weight: bolder; padding: 0px; margin: 0px; overflow-wrap: break-word;\">Lu\u00eds Abrantes<\/span><\/p><p style=\"box-sizing: inherit; margin: 0px; padding: 0px; overflow-wrap: break-word; color: #404040; font-family: 'Segoe UI', Roboto, Oxygen-Sans, Ubuntu, Cantarell, 'Helvetica Neue', sans-serif; text-align: center;\">851 Ponte de Vagos<\/p>\t\t\t\t\t\t<\/div>\n\t\t\t\t<\/div>\n\t\t\t\t<\/div>\n\t\t<div class=\"elementor-element elementor-element-3df6634 e-con-full e-flex e-con e-child\" data-id=\"3df6634\" data-element_type=\"container\" data-settings=\"{&quot;content_width&quot;:&quot;full&quot;}\">\n\t\t\t\t<div class=\"elementor-element elementor-element-490ce29 elementor-widget elementor-widget-text-editor\" data-id=\"490ce29\" data-element_type=\"widget\" data-widget_type=\"text-editor.default\">\n\t\t\t\t<div class=\"elementor-widget-container\">\n\t\t\t\t\t\t\t<p style=\"box-sizing: inherit; margin: 0px; padding: 0px; overflow-wrap: break-word; color: rgb(64, 64, 64); font-family: &quot;Segoe UI&quot;, Roboto, Oxygen-Sans, Ubuntu, Cantarell, &quot;Helvetica Neue&quot;, sans-serif; text-align: center;\"><span style=\"box-sizing: inherit; font-weight: bolder; padding: 0px; margin: 0px; overflow-wrap: break-word;\">Ant\u00f3nio Pereira (Tony)<\/span><\/p><p style=\"box-sizing: inherit; margin: 0px; padding: 0px; overflow-wrap: break-word; color: rgb(64, 64, 64); font-family: &quot;Segoe UI&quot;, Roboto, Oxygen-Sans, Ubuntu, Cantarell, &quot;Helvetica Neue&quot;, sans-serif; text-align: center;\">141 \u00c1gueda<\/p>\t\t\t\t\t\t<\/div>\n\t\t\t\t<\/div>\n\t\t\t\t<\/div>\n\t\t\t\t\t<\/div>\n\t\t\t\t<\/div>\n\t\t\t\t\t\t\t<\/div>\n\t\t","protected":false},"excerpt":{"rendered":"<p>LOG\u00cdSTICA E INFRAESTRUTURAS Jo\u00e3o Silva &#8211; Miguel Oliveira 588 Gafanha da Nazar\u00e9 Lu\u00eds Abrantes 851 Ponte de Vagos Ant\u00f3nio Pereira (Tony) 141 \u00c1gueda<\/p>\n","protected":false},"author":1,"featured_media":0,"parent":0,"menu_order":0,"comment_status":"closed","ping_status":"closed","template":"","meta":{"footnotes":""},"_links":{"self":[{"href":"https:\/\/acareg2024.aveiro.escutismo.pt\/index.php\/wp-json\/wp\/v2\/pages\/294"}],"collection":[{"href":"https:\/\/acareg2024.aveiro.escutismo.pt\/index.php\/wp-json\/wp\/v2\/pages"}],"about":[{"href":"https:\/\/acareg2024.aveiro.escutismo.pt\/index.php\/wp-json\/wp\/v2\/types\/page"}],"author":[{"embeddable":true,"href":"https:\/\/acareg2024.aveiro.escutismo.pt\/index.php\/wp-json\/wp\/v2\/users\/1"}],"replies":[{"embeddable":true,"href":"https:\/\/acareg2024.aveiro.escutismo.pt\/index.php\/wp-json\/wp\/v2\/comments?post=294"}],"version-history":[{"count":11,"href":"https:\/\/acareg2024.aveiro.escutismo.pt\/index.php\/wp-json\/wp\/v2\/pages\/294\/revisions"}],"predecessor-version":[{"id":372,"href":"https:\/\/acareg2024.aveiro.escutismo.pt\/index.php\/wp-json\/wp\/v2\/pages\/294\/revisions\/372"}],"wp:attachment":[{"href":"https:\/\/acareg2024.aveiro.escutismo.pt\/index.php\/wp-json\/wp\/v2\/media?parent=294"}],"curies":[{"name":"wp","href":"https:\/\/api.w.org\/{rel}","templated":true}]}}