{"id":284,"date":"2024-03-07T00:29:40","date_gmt":"2024-03-07T00:29:40","guid":{"rendered":"https:\/\/acareg2024.aveiro.escutismo.pt\/?page_id=284"},"modified":"2024-03-07T00:33:51","modified_gmt":"2024-03-07T00:33:51","slug":"concurso-insignia","status":"publish","type":"page","link":"https:\/\/acareg2024.aveiro.escutismo.pt\/index.php\/concurso-insignia\/","title":{"rendered":"Concurso ins\u00edgnia"},"content":{"rendered":"\n\n\n\n\n\n\n\n<p class=\"wp-block-group is-vertical is-layout-flex wp-container-core-group-layout-1 wp-block-group-is-layout-flex\">\n<p class=\"has-text-align-center\" style=\"text-align: center;\"><strong><br><\/strong><\/p><\/p>\n<p class=\"has-text-align-center\" style=\"text-align: center;\"><strong>REGULAMENTO DO CONCURSO&nbsp;<\/strong><strong style=\"background-color: transparent;\">DA INS\u00cdGNIA DO ACAREG 2024<\/strong><\/p>\n\n\n\n<p class=\"has-text-align-center\"><strong>Artigo 1\u00ba<\/strong><\/p>\n\n\n\n<p class=\"has-text-align-center\"><strong>CONCURSO<\/strong><\/p>\n\n\n\n\n<p>&nbsp;a) A Junta Regional de Aveiro do Corpo Nacional de Escutas, adiante designada JRA, promove um concurso para a apresenta\u00e7\u00e3o de propostas para a ins\u00edgnia do XX Acampamento Regional de Aveiro, adiante designado ACAREG 2024, que decorrer\u00e1 de 27 de julho a 2 de agosto de 2024, e ser\u00e1 subordinado ao tema \u201dV\u00ea! Descobre! Arrisca! Encontra-Te!\u201d;<\/p>\n\n\n\n<p>b) O concurso tem como objetivos a cria\u00e7\u00e3o da ins\u00edgnia do ACAREG 2024 e o envolvimento ativo da Regi\u00e3o de Aveiro na prepara\u00e7\u00e3o do seu Acampamento Regional;<\/p>\n\n\n\n<p>c) O concurso decorre de 8 de mar\u00e7o a 14 de abril de 2024;<\/p>\n\n\n\n<p>d) O per\u00edodo de aprecia\u00e7\u00e3o das propostas por parte do j\u00fari decorre de 15 de abril a 20 de abril de 2024;<\/p>\n\n\n\n<p>e) Os resultados do concurso ser\u00e3o divulgados no dia 21 de abril, aquando do S. Jorge 2024, em Aveiro; A divulga\u00e7\u00e3o acontecer\u00e1 igualmente no site do ACAREG 2024 (acareg2024.aveiro.escutismo.pt), no site e nas redes sociais da JRA;<\/p>\n\n\n\n<p class=\"wp-block-group is-vertical is-layout-flex wp-container-core-group-layout-2 wp-block-group-is-layout-flex\">\n<\/p><p class=\"has-text-align-center\"><strong>Artigo 2\u00ba<\/strong><\/p>\n\n\n\n<p class=\"has-text-align-center\"><strong>PARTICIPANTES<\/strong><\/p>\n\n\n\n\n<p>a) Poder\u00e3o participar neste concurso Lobitos, Exploradores\/Mo\u00e7os, Pioneiros\/Marinheiros, Caminheiros\/Companheiros, Candidatos a Dirigente e Dirigentes da Regi\u00e3o de Aveiro do Corpo Nacional de Escutas.<\/p>\n\n\n\n<p>b) Os participantes poder\u00e3o concorrer individualmente ou em Bando, Patrulha\/Tripula\u00e7\u00f5es, Equipas\/Equipagens, Tribos\/Companhas, Unidades ou Agrupamentos.<\/p>\n\n\n\n<p class=\"wp-block-group is-vertical is-layout-flex wp-container-core-group-layout-3 wp-block-group-is-layout-flex\">\n<\/p><p class=\"has-text-align-center\"><strong>Artigo 3\u00ba<\/strong><\/p>\n\n\n\n<p class=\"has-text-align-center\"><strong>CONDI\u00c7\u00d5ES DE PARTICIPA\u00c7\u00c3O<\/strong><\/p>\n\n\n\n\n<p>a) As ins\u00edgnias apresentadas a concurso t\u00eam de ser in\u00e9ditas;<\/p>\n\n\n\n<p>b) As ins\u00edgnias apresentadas a concurso t\u00eam de conter obrigatoriamente os seguintes elementos:<\/p>\n\n\n\n<p>1. Flor-de-lis do CNE (vers\u00e3o estilizada)<\/p>\n\n\n\n<p>2. ACAREG 2024<\/p>\n\n\n\n<p>3. \u201cV\u00ea! Descobre! Arrisca! Encontra-Te!\u201d<\/p>\n\n\n\n<p>4. Regi\u00e3o de Aveiro<\/p>\n\n\n\n<p>c) A dimens\u00e3o m\u00e1xima da ins\u00edgnia n\u00e3o poder\u00e1 exceder os 10 cm, sendo livre na forma;<\/p>\n\n\n\n<p>d) As propostas dever\u00e3o ser acompanhadas de uma mem\u00f3ria descritiva (em texto) da ins\u00edgnia, explicando a raz\u00e3o da simbologia \/ cores utilizadas;<\/p>\n\n\n\n<p>e) Ao participarem neste concurso, os concorrentes:<\/p>\n\n\n\n<p>1. Declaram conhecer e aceitar integralmente o presente regulamento;<\/p>\n\n\n\n<p>2. Cedem todos os direitos de autor, de difus\u00e3o e de utiliza\u00e7\u00e3o da sua proposta ao CNE;<\/p>\n\n\n\n<p>3. Autorizam o tratamento especializado da sua proposta, caso seja necess\u00e1rio;<\/p>\n\n\n\n<p class=\"wp-block-group is-vertical is-layout-flex wp-container-core-group-layout-4 wp-block-group-is-layout-flex\">\n<\/p><p class=\"has-text-align-center\"><strong>Artigo 4\u00ba<\/strong><\/p>\n\n\n\n<p class=\"has-text-align-center\"><strong>ENVIO DAS PROPOSTAS<\/strong><\/p>\n\n\n\n\n<p>a) As propostas devem ser enviadas por correio eletr\u00f3nico para acareg2024.aveiro@escutismo.pt, com identifica\u00e7\u00e3o do(s) autor(es) (indicando Nome, NIN, Bando, Patrulha\/Tripula\u00e7\u00e3o, Equipa\/Equipagem, Tribo\/Companha e Agrupamento a que pertence) at\u00e9 14 de abril de 2024;<\/p>\n\n\n\n<p>b) N\u00e3o ser\u00e3o tidas em conta para o concurso as propostas enviadas depois da data limite para entrega das mesmas;<\/p>\n\n\n\n<p>c) Compete \u00e0 JRA confirmar aos concorrentes a rece\u00e7\u00e3o das propostas bem como informar relativamente \u00e0 aceita\u00e7\u00e3o das mesmas, depois de verificada a sua conformidade com o presente regulamento;<\/p>\n\n\n\n<p>d) Caso n\u00e3o se respeitem as condi\u00e7\u00f5es do presente regulamento, as propostas n\u00e3o ser\u00e3o consideradas e o(s) seu(s) autor(es) ser\u00e3o informados;<\/p>\n\n\n\n<p class=\"wp-block-group is-vertical is-layout-flex wp-container-core-group-layout-5 wp-block-group-is-layout-flex\">\n<\/p><p class=\"has-text-align-center\"><strong>Artigo 5\u00ba<\/strong><\/p>\n\n\n\n<p class=\"has-text-align-center\"><strong>J\u00daRI<\/strong><\/p>\n\n\n\n\n<p>a) O J\u00fari \u00e9 composto por dirigentes da nossa regi\u00e3o, um designer profissional e um jornalista.<\/p>\n\n\n\n<p>b) Compete ao j\u00fari apreciar as propostas e decidir sobre a vencedora;<\/p>\n\n\n\n<p>c) As propostas ser\u00e3o apreciadas quanto \u00e0 sua originalidade, est\u00e9tica, adequa\u00e7\u00e3o ao tema, impacto visual e outros crit\u00e9rios que o j\u00fari achar adequados;<\/p>\n\n\n\n<p>d) Ao j\u00fari reserva-se o direito de n\u00e3o escolher nenhuma das propostas caso entenda que nenhuma apresenta a qualidade necess\u00e1ria;<\/p>\n\n\n\n<p>e) As situa\u00e7\u00f5es omissas ser\u00e3o decididas pelo j\u00fari;<\/p>\n\n\n\n<p>f) Da decis\u00e3o do j\u00fari n\u00e3o h\u00e1 lugar a recurso;<\/p>\n\n\n\n<p class=\"wp-block-group is-vertical is-layout-flex wp-container-core-group-layout-6 wp-block-group-is-layout-flex\">\n<\/p><p class=\"has-text-align-center\"><strong>Artigo 6\u00ba<\/strong><\/p>\n\n\n\n<p class=\"has-text-align-center\"><strong>PR\u00c9MIO<\/strong><\/p>\n\n\n\n\n<p>a) O(s) autor(es) da proposta vencedora receber\u00e1(\u00e3o) uma inscri\u00e7\u00e3o para o ACAREG 2024;<\/p>\n\n\n\n<p>b) Depois de divulgada a proposta vencedora, a 21 de abril de 2024, o(s) seu(s) autor(es) ser\u00e1(\u00e3o) contactado pela JRA para se acertar pormenores sobre a entrega do pr\u00e9mio.<\/p>\n\n\n\n<p class=\"has-text-align-right\">(vers\u00e3o 1.0 &#8211; 06.03.2024)<\/p>\n\n\n","protected":false},"excerpt":{"rendered":"","protected":false},"author":1,"featured_media":0,"parent":0,"menu_order":0,"comment_status":"closed","ping_status":"closed","template":"","meta":{"footnotes":""},"_links":{"self":[{"href":"https:\/\/acareg2024.aveiro.escutismo.pt\/index.php\/wp-json\/wp\/v2\/pages\/284"}],"collection":[{"href":"https:\/\/acareg2024.aveiro.escutismo.pt\/index.php\/wp-json\/wp\/v2\/pages"}],"about":[{"href":"https:\/\/acareg2024.aveiro.escutismo.pt\/index.php\/wp-json\/wp\/v2\/types\/page"}],"author":[{"embeddable":true,"href":"https:\/\/acareg2024.aveiro.escutismo.pt\/index.php\/wp-json\/wp\/v2\/users\/1"}],"replies":[{"embeddable":true,"href":"https:\/\/acareg2024.aveiro.escutismo.pt\/index.php\/wp-json\/wp\/v2\/comments?post=284"}],"version-history":[{"count":2,"href":"https:\/\/acareg2024.aveiro.escutismo.pt\/index.php\/wp-json\/wp\/v2\/pages\/284\/revisions"}],"predecessor-version":[{"id":288,"href":"https:\/\/acareg2024.aveiro.escutismo.pt\/index.php\/wp-json\/wp\/v2\/pages\/284\/revisions\/288"}],"wp:attachment":[{"href":"https:\/\/acareg2024.aveiro.escutismo.pt\/index.php\/wp-json\/wp\/v2\/media?parent=284"}],"curies":[{"name":"wp","href":"https:\/\/api.w.org\/{rel}","templated":true}]}}