{"id":211,"date":"2024-02-02T12:15:55","date_gmt":"2024-02-02T12:15:55","guid":{"rendered":"https:\/\/acareg2024.aveiro.escutismo.pt\/?page_id=211"},"modified":"2024-07-19T00:03:27","modified_gmt":"2024-07-19T00:03:27","slug":"apresentacao-clone","status":"publish","type":"page","link":"https:\/\/acareg2024.aveiro.escutismo.pt\/","title":{"rendered":"APRESENTA\u00c7\u00c3O Clone"},"content":{"rendered":"\n\n\n\n\n\n\n\n\n\n\n\n\n\n\n\n\n\n\n\n\n\n\n\n\n<h4 style=\"color: rgb(255, 255, 255);\">ATUALIZA\u00c7\u00d5ES A 19|07|2024<\/h4>\n<span style=\"color: rgb(255, 255, 255);\"><p style=\"text-align: center;\">Loja ACAREG com pr\u00e9-reservas &#8211; <a href=\"https:\/\/drive.google.com\/file\/d\/1glS6_077W_9HsyxnFG2K9w-3fs7KDwXE\/view?usp=drive_link\">ver oferta<\/a><\/p><p style=\"text-align: center;\">Secretaria &#8211; <a href=\"https:\/\/drive.google.com\/file\/d\/1f243ZDHTLiXUuKOgFZF2hDu0S8hPpuA-\/view?usp=sharing\">informa\u00e7\u00f5es pr\u00e1ticas<\/a><\/p><p style=\"text-align: center;\">Ementas e confec\u00e7\u00e3o ERRATA &#8211; <a href=\"https:\/\/drive.google.com\/file\/d\/1eGRHE5mzuzuuf0laclfAk8TZ6PAP7IDe\/view?usp=sharing\">ERRATA<\/a><\/p><\/span>\n\n\n\n\n\n<h4 style=\"color: rgb(255, 255, 255);\">ATUALIZA\u00c7\u00d5ES A 12|07|2024<\/h4>\n<span style=\"color: rgb(255, 255, 255);\"><p style=\"text-align: center;\">Alerta SIIE &#8211; <a href=\"https:\/\/drive.google.com\/file\/d\/1cy8rd4keSCCL1JHO3wnNg7QLmT14kFGn\/view?usp=sharing\">fichas pessoais<\/a><\/p><p style=\"text-align: center;\">Assist\u00eancia em campo &#8211; <a href=\"https:\/\/drive.google.com\/file\/d\/1x6pjzVI4ChsHJ9OZbtiQmbyxhzbbcMFr\/view?usp=sharing\">programa<\/a><\/p><p style=\"text-align: center;\">Capta\u00e7\u00e3o de imagens &#8211; <a href=\"https:\/\/drive.google.com\/file\/d\/1yiDhMbd8ZhDDz1h7pdzxMGssAJDg5RS7\/view?usp=sharing\">autoriza\u00e7\u00e3o<\/a><\/p><p style=\"text-align: center;\">Prote\u00e7\u00e3o civil &#8211; <a href=\"https:\/\/drive.google.com\/file\/d\/1oT2XlmWFyk8cB90ADrww4VjFTZJy3RfS\/view?usp=sharing\">desloca\u00e7\u00f5es fora de campo<\/a><\/p><p style=\"text-align: center;\">Ementas e confec\u00e7\u00e3o &#8211; <a href=\"https:\/\/drive.google.com\/file\/d\/1mzdrMYbLG8iVNLT5InM--vMfovrRCG0Y\/view?usp=sharing\">indica\u00e7\u00f5es<\/a><\/p><\/span>\n\n\n\n\nREGULAMENTO\n\n\nIMAGIN\u00c1RIO\n\n\nLOCAL\n\n\nORGANOGRAMA\n\n\nPR\u00c9-ACAREG\n\n\nCURIOSIDADES ESCUTISTAS\n\n\n\n\nMAPA DE CAMPO\n\n\nINFRAESTRUTURAS\n\n\nEMENTAS\n\n\nSA\u00daDE\n\n\nPROTE\u00c7\u00c3O CIVIL\n\n\nAMBIENTE\n\n\n\n\n\n\n\n\n\n<h4 style=\"color: rgb(255, 255, 255);\">acareg.aveiro@escutismo.pt<\/h4>\n\n\n\n\n\n\n\n","protected":false},"excerpt":{"rendered":"","protected":false},"author":1,"featured_media":0,"parent":0,"menu_order":0,"comment_status":"closed","ping_status":"closed","template":"","meta":{"footnotes":""},"_links":{"self":[{"href":"https:\/\/acareg2024.aveiro.escutismo.pt\/index.php\/wp-json\/wp\/v2\/pages\/211"}],"collection":[{"href":"https:\/\/acareg2024.aveiro.escutismo.pt\/index.php\/wp-json\/wp\/v2\/pages"}],"about":[{"href":"https:\/\/acareg2024.aveiro.escutismo.pt\/index.php\/wp-json\/wp\/v2\/types\/page"}],"author":[{"embeddable":true,"href":"https:\/\/acareg2024.aveiro.escutismo.pt\/index.php\/wp-json\/wp\/v2\/users\/1"}],"replies":[{"embeddable":true,"href":"https:\/\/acareg2024.aveiro.escutismo.pt\/index.php\/wp-json\/wp\/v2\/comments?post=211"}],"version-history":[{"count":47,"href":"https:\/\/acareg2024.aveiro.escutismo.pt\/index.php\/wp-json\/wp\/v2\/pages\/211\/revisions"}],"predecessor-version":[{"id":665,"href":"https:\/\/acareg2024.aveiro.escutismo.pt\/index.php\/wp-json\/wp\/v2\/pages\/211\/revisions\/665"}],"wp:attachment":[{"href":"https:\/\/acareg2024.aveiro.escutismo.pt\/index.php\/wp-json\/wp\/v2\/media?parent=211"}],"curies":[{"name":"wp","href":"https:\/\/api.w.org\/{rel}","templated":true}]}}