{"id":129,"date":"2024-02-01T22:31:46","date_gmt":"2024-02-01T22:31:46","guid":{"rendered":"https:\/\/acareg2024.aveiro.escutismo.pt\/?page_id=129"},"modified":"2024-07-04T16:31:54","modified_gmt":"2024-07-04T16:31:54","slug":"atividades-gerais","status":"publish","type":"page","link":"https:\/\/acareg2024.aveiro.escutismo.pt\/index.php\/atividades-gerais\/","title":{"rendered":"Atividades gerais"},"content":{"rendered":"\n\n\n\n\n\n\n\n<h2>Desafio #01 &#8211; fevereiro<\/h2>\n<p>O Campo das Atividades Gerais pretende ser o momento e o local de encontro de todas as sec\u00e7\u00f5es no Acampamento Regional de Aveiro em 2024. Aqui todos ter\u00e3o oportunidade de embarcar numa viagem onde poder\u00e3o VER, DESCOBRIR, ARRISCAR e ENCONTRAR-SE num novo mundo.&nbsp;<\/p><p>\u00c0 semelhan\u00e7a da viagem de Jo\u00e3o Afonso de Aveiro, que serve de inspira\u00e7\u00e3o \u00e0s atividades gerais deste acampamento, aqui poder\u00e3o descobrir novos povos e culturas, socializar e conviver com as tripula\u00e7\u00f5es das caravelas e naus que tomam parte desta viagem, adquirir conhecimento e experienciar novos m\u00e9todos e ferramentas, ultrapassar obst\u00e1culos e encontrar na f\u00e9 a for\u00e7a que vos levar\u00e1 a continuar certos da viagem.<\/p>\n\n\n\n\n<h2>Desafio #02 &#8211; mar\u00e7o<\/h2>\n<p>A cultura e tradi\u00e7\u00f5es de um povo s\u00e3o o resultado de d\u00e9cadas e s\u00e9culos de hist\u00f3ria. Na viagem que ter\u00e3o pela frente ao longo deste ACAREG, ter\u00e3o a oportunidade de conhecer diferentes culturas, tradi\u00e7\u00f5es e conhecimentos. Cada povo \u00e9 assim convidado a dar largas \u00e0 sua imagina\u00e7\u00e3o e criatividade e criar momentos de entretenimento para serem dados a conhecer ao longo dos dias em que decorrer\u00e1 o ACAMPAMENTO REGIONAL DA REGI\u00c3O DE AVEIRO. Basta, para tal, cumprir as normas que ser\u00e3o divulgadas neste importante documento.<br><\/p>\n\n\n\n\n<h2>Informa\u00e7\u00f5es \u00fateis<\/h2>\n<p>Informa\u00e7\u00e3o sobre condi\u00e7\u00f5es das atividades aqu\u00e1ticas\/radicais\/pistas de obst\u00e1culos;<\/p><p>Objeto representativo do Agrupamento;<\/p><p>Fotografia Representativa do Agrupamento\/Localidade;<\/p><p>Lona\/banner 50\u00d750 cm;<\/p><p><strong><a href=\"https:\/\/acareg2024.aveiro.escutismo.pt\/index.php\/atividades-gerais-2\/\">Sabe mais aqui!<\/a><\/strong><\/p>\n\n\n","protected":false},"excerpt":{"rendered":"","protected":false},"author":1,"featured_media":0,"parent":0,"menu_order":0,"comment_status":"closed","ping_status":"closed","template":"","meta":{"footnotes":""},"_links":{"self":[{"href":"https:\/\/acareg2024.aveiro.escutismo.pt\/index.php\/wp-json\/wp\/v2\/pages\/129"}],"collection":[{"href":"https:\/\/acareg2024.aveiro.escutismo.pt\/index.php\/wp-json\/wp\/v2\/pages"}],"about":[{"href":"https:\/\/acareg2024.aveiro.escutismo.pt\/index.php\/wp-json\/wp\/v2\/types\/page"}],"author":[{"embeddable":true,"href":"https:\/\/acareg2024.aveiro.escutismo.pt\/index.php\/wp-json\/wp\/v2\/users\/1"}],"replies":[{"embeddable":true,"href":"https:\/\/acareg2024.aveiro.escutismo.pt\/index.php\/wp-json\/wp\/v2\/comments?post=129"}],"version-history":[{"count":7,"href":"https:\/\/acareg2024.aveiro.escutismo.pt\/index.php\/wp-json\/wp\/v2\/pages\/129\/revisions"}],"predecessor-version":[{"id":543,"href":"https:\/\/acareg2024.aveiro.escutismo.pt\/index.php\/wp-json\/wp\/v2\/pages\/129\/revisions\/543"}],"wp:attachment":[{"href":"https:\/\/acareg2024.aveiro.escutismo.pt\/index.php\/wp-json\/wp\/v2\/media?parent=129"}],"curies":[{"name":"wp","href":"https:\/\/api.w.org\/{rel}","templated":true}]}}