{"id":125,"date":"2024-02-01T22:30:55","date_gmt":"2024-02-01T22:30:55","guid":{"rendered":"https:\/\/acareg2024.aveiro.escutismo.pt\/?page_id=125"},"modified":"2024-07-04T23:15:33","modified_gmt":"2024-07-04T23:15:33","slug":"pioneiros-marinheiros","status":"publish","type":"page","link":"https:\/\/acareg2024.aveiro.escutismo.pt\/index.php\/pioneiros-marinheiros\/","title":{"rendered":"Pioneiros\/ Marinheiros"},"content":{"rendered":"\n\n\n\n\n\n\n\n\n<h2 style=\"color: rgb(255, 255, 255);\">MENSAGEM DO ALMIRANTE DA TERRA DOS AUDAZES<\/h2>\n<p>Pioneiros\/Marinheiros<\/p><p>Vamos embarcar, em mais uma jornada repleta de aventuras e conhecimento, onde cada&nbsp;<span style=\"background-color: transparent;\">desafio e\u0301 uma oportunidade para tu cresceres e te superares. Com coragem, perseveran\u00e7a e&nbsp;<\/span><span style=\"background-color: transparent;\">com o apoio uns dos outros, somos capazes de conquistar qualquer mar desconhecido,&nbsp;<\/span><span style=\"background-color: transparent;\">atravessar qualquer rio e enfrentar qualquer tempestade. Valoriza o teu papel e contribui&nbsp;<\/span><span style=\"background-color: transparent;\">com entusiasmo e com atitude positiva. Sabendo que o verdadeiro&nbsp;<\/span><span style=\"background-color: transparent;\">empreendimento\/aventura esta\u0301 na jornada e nas memo\u0301rias que criamos todos juntos.<\/span><\/p><p>Vamos encarar este Acareg com alegria e determina\u00e7\u00e3o, trabalhando em equipa e acreditando&nbsp;<span style=\"background-color: transparent;\">em no\u0301s mesmos. Dando o ponta pe\u0301 no \u201cIM\u201d.<\/span><\/p><p>Boa sorte a todos e vamos fazer desta atividade um marco inesquec\u00edvel na vossa trajeto\u0301ria&nbsp;<span style=\"background-color: transparent;\">escutista!<\/span><\/p>\n<p style=\"text-align: center;\"><a href=\"https:\/\/drive.google.com\/file\/d\/1oh3NwiUJPMzD6UYVzWXdNQIBNESrI-yG\/view?usp=sharing\">&#8211; Clica aqui para acederes ao ficheiro completo &#8211;<\/a><br><\/p>\n<h2 style=\"color: rgb(255, 255, 255);\">DESAFIOS PR\u00c9-ACAREG<\/h2>\n\n\n\n\n<h2>Desafio #01 &#8211; fevereiro<\/h2>\n(clica para aceder ao desafio)\n<p>Ol\u00e1 Pioneiro\/Marinheiro<\/p><p><br><\/p><p>Venho desafiar-te a juntares-te a um grande grupo de Audazes, que ir\u00e3o viver grandes aventuras nesta viagem por mares ainda pouco explorados. Vem arriscar com S\u00e3o Pedro esta grande epopeia. Com a sua ajuda e em conjunto com a tua Equipa\/Equipagem, v\u00e3o conseguir descobrir o segredo mais bem guardado\u2026<\/p>\n\n\n\n\n<h2>Desafio #02 &#8211; mar\u00e7o<\/h2>\n(clica para aceder ao desafio)\n<p>Amigo Guia de Grupo<\/p><p>A tarefa que te propomos \u00e9 para ser<\/p><p>executada em Equipa\/Equipagem.<\/p><p>Nesse sentido, depois de ouvires o teu Chefe de Unidade, deves efetuar os seguintes procedimentos:<\/p><p>&gt; Reunir com a tua equipa\/equipagem, em conjunto, definir a estrat\u00e9gia a utilizar para cumprir a tarefa.<\/p><p>&gt; Executar a tarefa dentro do prazo;<\/p><p>&gt; Prazo de execu\u00e7\u00e3o 06-04-2024<\/p><p><br><\/p><p>Amigo Guia de Equipa,<\/p><p>No&nbsp; campo da tua equipa, no Acareg vais ter que fazer constru\u00e7\u00f5es obrigat\u00f3rias que s\u00e3o: Mesa; Cozinha; Orat\u00f3ria; P\u00f3rtico. Aproveita este tempo para fazer os teus projectos e providenciar os materiais. Sabes que podes fazer constru\u00e7\u00f5es em altura, mas tens que apresentar projecto para ser aprovado\/avaliado.<\/p>\n\n\n\n\n<h2>Desafio #03 &#8211; maio<\/h2>\n(clica para aceder ao desafio)\n<p>Amigo Guia de Grupo<\/p><p>A tarefa que te propomos \u00e9 para ser executada em Equipa\/Equipagem.<\/p><p><br><\/p><p>Nesse sentido, depois de ouvires o teu Chefe de Unidade, deves efetuar os seguintes procedimentos:<\/p><p>&gt; Reunir com a tua equipa\/equipagem, em conjunto, definir a estrat\u00e9gia a utilizar para cumprir a tarefa.<\/p><p>&gt; Executar a tarefa dentro do prazo;<\/p><p>&gt; Enviar fotografia (selfie com a equipa \/ equipagem e a rede) para iiiseccao.aveiro@escutismo.pt<\/p><p>&gt; Dados que deves colocar no Email:<\/p><p>&nbsp; &nbsp; &nbsp;&gt; Agrupamento<\/p><p>&nbsp; &nbsp; &nbsp;&gt; Nome da Equipa<\/p><p>&nbsp; &nbsp; &nbsp;&gt; Selfie da equipa com a rede executada<\/p><p><br><\/p><p>Preparado para mais um desafio?<\/p>\n\n\n\n\n<h2>Desafio #04<\/h2>\n(clica para aceder ao desafio)\n<p>Amigo Guia de Grupo<\/p><p>A tarefa que te propomos \u00e9 para ser executada em Equipa\/Equipagem.<\/p><p><br><\/p><p>Nesse sentido, depois de ouvires o teu Chefe de Unidade, deves efetuar os seguintes procedimentos:<\/p><p>&gt; Reunir com a tua equipa\/equipagem, em conjunto, definir a estrat\u00e9gia a utilizar para cumprir a tarefa.<\/p><p>&gt; Executar a tarefa dentro do prazo;<\/p><p>&gt; Enviar fotografia (selfie com a equipa \/ equipagem e a rede) para iiiseccao.aveiro@escutismo.pt<\/p><p>&gt; Dados que deves colocar no Email:<\/p><p>&nbsp; &nbsp; &nbsp;&gt; Agrupamento<\/p><p>&nbsp; &nbsp; &nbsp;&gt; Nome da Equipa<\/p><p>&nbsp; &nbsp; &nbsp;&gt; Selfie da equipa com a rede executada<\/p><p><br><\/p><p>Preparado para mais um desafio?<\/p>\n\n\n","protected":false},"excerpt":{"rendered":"","protected":false},"author":1,"featured_media":0,"parent":0,"menu_order":0,"comment_status":"closed","ping_status":"closed","template":"","meta":{"footnotes":""},"_links":{"self":[{"href":"https:\/\/acareg2024.aveiro.escutismo.pt\/index.php\/wp-json\/wp\/v2\/pages\/125"}],"collection":[{"href":"https:\/\/acareg2024.aveiro.escutismo.pt\/index.php\/wp-json\/wp\/v2\/pages"}],"about":[{"href":"https:\/\/acareg2024.aveiro.escutismo.pt\/index.php\/wp-json\/wp\/v2\/types\/page"}],"author":[{"embeddable":true,"href":"https:\/\/acareg2024.aveiro.escutismo.pt\/index.php\/wp-json\/wp\/v2\/users\/1"}],"replies":[{"embeddable":true,"href":"https:\/\/acareg2024.aveiro.escutismo.pt\/index.php\/wp-json\/wp\/v2\/comments?post=125"}],"version-history":[{"count":10,"href":"https:\/\/acareg2024.aveiro.escutismo.pt\/index.php\/wp-json\/wp\/v2\/pages\/125\/revisions"}],"predecessor-version":[{"id":596,"href":"https:\/\/acareg2024.aveiro.escutismo.pt\/index.php\/wp-json\/wp\/v2\/pages\/125\/revisions\/596"}],"wp:attachment":[{"href":"https:\/\/acareg2024.aveiro.escutismo.pt\/index.php\/wp-json\/wp\/v2\/media?parent=125"}],"curies":[{"name":"wp","href":"https:\/\/api.w.org\/{rel}","templated":true}]}}