{"id":123,"date":"2024-02-01T22:30:11","date_gmt":"2024-02-01T22:30:11","guid":{"rendered":"https:\/\/acareg2024.aveiro.escutismo.pt\/?page_id=123"},"modified":"2024-07-04T22:55:38","modified_gmt":"2024-07-04T22:55:38","slug":"exploradores-mocos","status":"publish","type":"page","link":"https:\/\/acareg2024.aveiro.escutismo.pt\/index.php\/exploradores-mocos\/","title":{"rendered":"Exploradores\/ Mo\u00e7os"},"content":{"rendered":"\n\n\n\n\n\n\n\n\n\n\n\n\n<h2>MENSAGEM DA CHEFIA DA TERRA DOS DESCOBRIDORES<\/h2>\nNeste ACAREG pretendemos que os nossos Exploradores\/Mo\u00e7os descubram o verdadeiro segredo da FELICIDADE \ne que vivam dias de plena aventura e divertimento. Mas para isso precisamos da tua ajuda.\n\nNeste documento encontras as linhas gerais que te ir\u00e3o apoiar, a ti e \u00e0 tua equipa de anima\u00e7\u00e3o da Expedi\u00e7\u00e3o\/Flotilha, a prepararem-se para o ACAREG, para que esta atividade corra da melhor forma poss\u00edvel.\nContamos que sejas parte integrante desta equipa e que nos ajudes na prepara\u00e7\u00e3o\/realiza\u00e7\u00e3o deste que ser\u00e1, assim o queremos, mais que o maior ACAREG de sempre, um ACAREG marcante para esta gera\u00e7\u00e3o, deixando neles a semente da constru\u00e7\u00e3o de um mundo melhor.\nA tua colabora\u00e7\u00e3o ser\u00e1 essencial para o desenvolvimento da atividade, e desde j\u00e1 queremos dizer-te MUITO OBRIGADO! \n\nO sucesso deste ACAREG depende de TODOS. Juntos temos a possibilidade de fazer a diferen\u00e7a na vida dos nossos Exploradores\/Mo\u00e7os, contribuindo para a sua FELICIDADE e a de todos os que os rodeiam, deixando esta semente que crescer\u00e1 forte, transformando o MUNDO em que vivemos num lugar MELHOR.\n\nQualquer d\u00favida que exista ou esclarecimento que necessitem, devem contactar o respons\u00e1vel pelo vosso Porto.\n<p style=\"text-align: right;\"><em>Uma Canhota\n\t\t\t\t\t\tKofi, o mensageiro do Anci\u00e3o das Tribos<\/em><\/p>\n<p style=\"text-align: center;\"><a href=\"https:\/\/drive.google.com\/file\/d\/1v8tBrJbxseiBV__MryA_XmYKC7lX06cZ\/view?usp=sharing\">&#8211; Clica aqui para acederes ao ficheiro completo &#8211;<\/a><\/p>\n\n\n\n\n<h2>DESAFIOS PR\u00c9-ACAREG<\/h2>\n\n\n\n\n<h2>Desafio #01 &#8211; fevereiro<\/h2>\n(clicar para aceder ao desafio)\n\n\n\n\n<p>Ol\u00e1 Explorador\/mo\u00e7o,<\/p><p>Queres mesmo descobrir o que cont\u00e9m a Arca que Jo\u00e3o Afonso de Aveiro trouxe de Terras long\u00ednquas?<\/p><p>Ent\u00e3o anda da\u00ed!<\/p><p>Com toda a tua determina\u00e7\u00e3o e coragem vem descobrir um novo mundo, um mundo onde reina o \u201cAMOR\u201d e a \u201cFELICIDADE\u201d. Com a ajuda do teu Conselheiro S. Tiago chegar\u00e1s \u00e0s terras do Anci\u00e3o das Tribos, e viver\u00e1s dias de grandes aventuras! Pega na tua b\u00fassola, orienta-te pela Rosa dos Ventos e faz-te ao mar \u2026. e de mar em mar, de porto em porto, chegar\u00e1s ao teu destino!&nbsp;<\/p><p>Em Terras africanas, viver\u00e1s, na tua Tribo, dias que ir\u00e3o certamente ficar na mem\u00f3ria!<\/p>\n\n\n\n\n<h2>Desafio #02 &#8211; mar\u00e7o<\/h2>\n(clicar para aceder ao desafio)\n\n\n\n\n<p>Ol\u00e1 Exploradores\/Mo\u00e7os,<\/p><p>Obrigado pela tua ajuda a descodificar a mensagem que chegou do anci\u00e3o das tribos.<\/p><p><span style=\"background-color: transparent;\">Chegamos a mais um porto desta vez atracamos em \u00c1frica! Terra conhecida pela sua pluralidade \u00e9tnica e cultural, de aromas e cores de caracter\u00edsticas \u00fanicas. A cultura africana inclui uma ampla variedade de express\u00f5es art\u00edsticas, cren\u00e7as, rituais e costumes de v\u00e1rias culturas. Tanto na antiguidade quanto hoje, neste vasto continente, existiram simultaneamente grandes e poderosas civiliza\u00e7\u00f5es, al\u00e9m de pequenas tribos tradicionais.<\/span><br><\/p><p><span style=\"background-color: transparent;\">Preparado para mais um desafio?<\/span><br><\/p>\n\n\n\n\n<h2>Desafio #03 &#8211; maio<\/h2>\n(clicar para aceder ao desafio)\n\n\n\n\n<p>Ol\u00e1 Exploradores\/Mo\u00e7os,<\/p><p><span style=\"background-color: transparent;\">As Vossas m\u00e1scaras estavam verdadeiras obras de arte que ir\u00e3o enriquecer os P\u00f3rticos dos Sub Sub campos! Mas como a poder\u00e1s entregar ao anci\u00e3o das tribos?<\/span><br><\/p><p><span style=\"background-color: transparent;\">Com a b\u00fassola presa ao cinto, uma companheira silenciosa e confi\u00e1vel, de olhos fixos no horizonte ondulante, a Caravela cortava as \u00e1guas revoltas do Atl\u00e2ntico, apontando-os na dire\u00e7\u00e3o de horizontes desconhecidos!<\/span><br><\/p><p><span style=\"background-color: transparent;\">Dias transformaram-se em semanas, e o oceano parecia estender-se at\u00e9 o infinito. Finalmente, um dia, avistaram algo al\u00e9m das \u00e1guas azuis. Tinham chegado \u00e0 costa de \u00c1frica, terra de lendas e perigos. Enquanto a caravela se aproximava da costa, avistaram aldeias pitorescas com telhados de palha e pessoas de pele escura que acenavam curiosas. Tinham chegado ao lend\u00e1rio Reino do Preste Jo\u00e3o, reino onde poderiam encontrar riquezas inimagin\u00e1veis &#8230; onde os sonhos se tornam realidade e o espirito humanos se eleva!<\/span><br><\/p><p><span style=\"background-color: transparent;\">Chegaram a \u00c1frica, onde o anci\u00e3o das tribos estar\u00e1 de bra\u00e7os abertos para receber com imensa alegria as m\u00e1scaras que fizeram com tanta imagina\u00e7\u00e3o!<\/span><br><\/p><p><span style=\"background-color: transparent;\">Preparados mais um novo desafio?<\/span><br><\/p>\n\n\n\n\n<h2>Desafio #04<\/h2>\n(clicar para aceder ao desafio)\n<p>Ol\u00e1 Exploradores\/Mo\u00e7os,<\/p><p>Vejo que est\u00e3o t\u00e3o bem instalados na minha Terra.<\/p><p><span style=\"background-color: transparent;\">\u00c1frica \u00e9 efetivamente um continente de uma riqueza cultural incompar\u00e1vel, onde a diversidade de culturas e tribos \u00e9 verdadeiramente fascinante!<\/span><br><\/p><p><span style=\"background-color: transparent;\">Cada Tribo tem as suas pr\u00f3prias tradi\u00e7\u00f5es, l\u00ednguas, costumes, rituais &#8230;. Rituais que incorporam m\u00fasica, dan\u00e7a, arte e narrativa &#8230; e \u00e9 atrav\u00e9s destas express\u00f5es art\u00edsticas, que as tradi\u00e7\u00f5es s\u00e3o transmitidas de gera\u00e7\u00e3o em gera\u00e7\u00e3o, mantendo viva a heran\u00e7a cultural de cada povo!<\/span><br><\/p><p><span style=\"background-color: transparent;\">A dan\u00e7a significa al\u00e9m de um ritual, uma conquista, manifesta\u00e7\u00e3o, alegria e vit\u00f3ria, e faz parte de todas as formas de express\u00e3o da tribo, sendo cada uma delas uma representa\u00e7\u00e3o de alguma mensagem.<\/span><br><\/p><p><span style=\"background-color: transparent;\">E nesta diversidade de culturas,&nbsp; eu preciso da vossa ajuda para distinguir cada Tribo!<\/span><br><\/p><p>Estamos muito perto de viver dias de grande aventura e irmos \u00e0 descoberta da Arca!<\/p><p><span style=\"background-color: transparent;\">Preparados para mais um desafio?<\/span><br><\/p>\n\n\n","protected":false},"excerpt":{"rendered":"","protected":false},"author":1,"featured_media":0,"parent":0,"menu_order":0,"comment_status":"closed","ping_status":"closed","template":"","meta":{"footnotes":""},"_links":{"self":[{"href":"https:\/\/acareg2024.aveiro.escutismo.pt\/index.php\/wp-json\/wp\/v2\/pages\/123"}],"collection":[{"href":"https:\/\/acareg2024.aveiro.escutismo.pt\/index.php\/wp-json\/wp\/v2\/pages"}],"about":[{"href":"https:\/\/acareg2024.aveiro.escutismo.pt\/index.php\/wp-json\/wp\/v2\/types\/page"}],"author":[{"embeddable":true,"href":"https:\/\/acareg2024.aveiro.escutismo.pt\/index.php\/wp-json\/wp\/v2\/users\/1"}],"replies":[{"embeddable":true,"href":"https:\/\/acareg2024.aveiro.escutismo.pt\/index.php\/wp-json\/wp\/v2\/comments?post=123"}],"version-history":[{"count":17,"href":"https:\/\/acareg2024.aveiro.escutismo.pt\/index.php\/wp-json\/wp\/v2\/pages\/123\/revisions"}],"predecessor-version":[{"id":595,"href":"https:\/\/acareg2024.aveiro.escutismo.pt\/index.php\/wp-json\/wp\/v2\/pages\/123\/revisions\/595"}],"wp:attachment":[{"href":"https:\/\/acareg2024.aveiro.escutismo.pt\/index.php\/wp-json\/wp\/v2\/media?parent=123"}],"curies":[{"name":"wp","href":"https:\/\/api.w.org\/{rel}","templated":true}]}}